{"id":9422,"date":"2022-03-14T15:49:01","date_gmt":"2022-03-14T14:49:01","guid":{"rendered":"https:\/\/www.transterminal.ch\/general-conditions\/"},"modified":"2026-04-22T16:22:01","modified_gmt":"2026-04-22T14:22:01","slug":"general-conditions","status":"publish","type":"page","link":"https:\/\/www.transterminal.ch\/en\/general-conditions\/","title":{"rendered":"General conditions"},"content":{"rendered":"\t\t<div data-elementor-type=\"wp-page\" data-elementor-id=\"9422\" class=\"elementor elementor-9422 elementor-4517\" data-elementor-post-type=\"page\">\n\t\t\t\t\t\t<section class=\"elementor-section elementor-top-section elementor-element elementor-element-1691675d elementor-section-full_width elementor-section-height-min-height elementor-section-height-default elementor-section-items-middle\" data-id=\"1691675d\" data-element_type=\"section\" data-e-type=\"section\" data-settings=\"{&quot;background_background&quot;:&quot;classic&quot;,&quot;background_motion_fx_motion_fx_scrolling&quot;:&quot;yes&quot;,&quot;background_motion_fx_scale_effect&quot;:&quot;yes&quot;,&quot;background_motion_fx_scale_speed&quot;:{&quot;unit&quot;:&quot;px&quot;,&quot;size&quot;:3,&quot;sizes&quot;:[]},&quot;background_motion_fx_scale_range&quot;:{&quot;unit&quot;:&quot;%&quot;,&quot;size&quot;:&quot;&quot;,&quot;sizes&quot;:{&quot;start&quot;:28,&quot;end&quot;:65}},&quot;background_motion_fx_scale_direction&quot;:&quot;out-in&quot;,&quot;background_motion_fx_devices&quot;:[&quot;desktop&quot;,&quot;tablet&quot;,&quot;mobile&quot;]}\">\n\t\t\t\t\t\t\t<div class=\"elementor-background-overlay\"><\/div>\n\t\t\t\t\t\t\t<div class=\"elementor-container elementor-column-gap-no\">\n\t\t\t\t\t<div class=\"elementor-column elementor-col-100 elementor-top-column elementor-element elementor-element-5390beaf\" data-id=\"5390beaf\" data-element_type=\"column\" data-e-type=\"column\">\n\t\t\t<div class=\"elementor-widget-wrap elementor-element-populated\">\n\t\t\t\t\t\t<div class=\"elementor-element elementor-element-6babb869 elementor-widget elementor-widget-heading\" data-id=\"6babb869\" data-element_type=\"widget\" data-e-type=\"widget\" data-widget_type=\"heading.default\">\n\t\t\t\t<div class=\"elementor-widget-container\">\n\t\t\t\t\t<h3 class=\"elementor-heading-title elementor-size-default\">Allgemeine Gesch\u00e4ftsbedingungen<\/h3>\t\t\t\t<\/div>\n\t\t\t\t<\/div>\n\t\t\t\t\t<\/div>\n\t\t<\/div>\n\t\t\t\t\t<\/div>\n\t\t<\/section>\n\t\t\t\t<section class=\"elementor-section elementor-top-section elementor-element elementor-element-3bb449c7 elementor-section-boxed elementor-section-height-default elementor-section-height-default\" data-id=\"3bb449c7\" data-element_type=\"section\" data-e-type=\"section\">\n\t\t\t\t\t\t<div class=\"elementor-container elementor-column-gap-default\">\n\t\t\t\t\t<div class=\"elementor-column elementor-col-100 elementor-top-column elementor-element elementor-element-53e23376\" data-id=\"53e23376\" data-element_type=\"column\" data-e-type=\"column\">\n\t\t\t<div class=\"elementor-widget-wrap elementor-element-populated\">\n\t\t\t\t\t\t<div class=\"elementor-element elementor-element-3ae9dfe1 elementor-widget elementor-widget-heading\" data-id=\"3ae9dfe1\" data-element_type=\"widget\" data-e-type=\"widget\" data-widget_type=\"heading.default\">\n\t\t\t\t<div class=\"elementor-widget-container\">\n\t\t\t\t\t<h2 class=\"elementor-heading-title elementor-size-default\">Was gibt es zu beachten?<\/h2>\t\t\t\t<\/div>\n\t\t\t\t<\/div>\n\t\t\t\t<div class=\"elementor-element elementor-element-22c2c231 elementor-widget elementor-widget-heading\" data-id=\"22c2c231\" data-element_type=\"widget\" data-e-type=\"widget\" data-widget_type=\"heading.default\">\n\t\t\t\t<div class=\"elementor-widget-container\">\n\t\t\t\t\t<h4 class=\"elementor-heading-title elementor-size-default\">Hier finden Sie unsere allgemeinen Gesch\u00e4ftsbedingungen:<\/h4>\t\t\t\t<\/div>\n\t\t\t\t<\/div>\n\t\t\t\t<div class=\"elementor-element elementor-element-69acede elementor-widget elementor-widget-text-editor\" data-id=\"69acede\" data-element_type=\"widget\" data-e-type=\"widget\" data-widget_type=\"text-editor.default\">\n\t\t\t\t<div class=\"elementor-widget-container\">\n\t\t\t\t\t\t\t\t\t<ul><li style=\"text-align: left;\"><a href=\"https:\/\/www.transterminal.ch\/wp-content\/uploads\/2022\/07\/ab_spe_d1.pdf\">Allgemeine Bestimmungen Spedlogswiss<\/a><\/li><li style=\"text-align: left;\"><a href=\"https:\/\/www.transterminal.ch\/wp-content\/uploads\/2022\/07\/COTIF99_2010-12-01_FR-DE-EN_Protocol.pdf\">\u00dcbereinkommen \u00fcber den internationalen Eisenbahnverkehr (COTIF)<\/a><\/li><li style=\"text-align: left;\"><a href=\"https:\/\/www.transterminal.ch\/wp-content\/uploads\/2024\/06\/cim_1999_2010-12-01_fr-de-en_rev_ns.pdf\">Einheitliche Rechtsvorschriften f\u00fcr den Vertrag \u00fcber die internationale Eisenbahnbef\u00f6rderung von G\u00fctern (CIM)<\/a><\/li><li style=\"text-align: left;\"><a href=\"https:\/\/www.transterminal.ch\/wp-content\/uploads\/2024\/06\/1_nachtrag_cuv-1999-f-d-e.pdf\">Einheitliche Rechtsvorschriften f\u00fcr den Vertr\u00e4ge \u00fcber die Verwendung von Wagen im internationalen Eisenbahnverkehr (CUV)<\/a><\/li><li style=\"text-align: left;\"><a href=\"https:\/\/www.transterminal.ch\/wp-content\/uploads\/2022\/10\/20220101_GCU_DE_FULL.pdf\">Allgemeiner Vertrag f\u00fcr die Verwendung von G\u00fcterwagen AVV<\/a><\/li><\/ul>\t\t\t\t\t\t\t\t<\/div>\n\t\t\t\t<\/div>\n\t\t\t\t\t<\/div>\n\t\t<\/div>\n\t\t\t\t\t<\/div>\n\t\t<\/section>\n\t\t\t\t<\/div>\n\t\t","protected":false},"excerpt":{"rendered":"<p>Allgemeine Gesch\u00e4ftsbedingungen Was gibt es zu beachten? Hier finden Sie unsere allgemeinen Gesch\u00e4ftsbedingungen: Allgemeine Bestimmungen Spedlogswiss \u00dcbereinkommen \u00fcber den internationalen Eisenbahnverkehr (COTIF) Einheitliche Rechtsvorschriften f\u00fcr den Vertrag \u00fcber die internationale Eisenbahnbef\u00f6rderung von G\u00fctern (CIM) Einheitliche Rechtsvorschriften f\u00fcr den Vertr\u00e4ge \u00fcber die Verwendung von Wagen im internationalen Eisenbahnverkehr (CUV) Allgemeiner Vertrag f\u00fcr die Verwendung von G\u00fcterwagen [&hellip;]<\/p>\n","protected":false},"author":3,"featured_media":0,"parent":0,"menu_order":0,"comment_status":"closed","ping_status":"closed","template":"elementor_header_footer","meta":{"footnotes":""},"class_list":["post-9422","page","type-page","status-publish","hentry"],"aioseo_notices":[],"_links":{"self":[{"href":"https:\/\/www.transterminal.ch\/en\/wp-json\/wp\/v2\/pages\/9422","targetHints":{"allow":["GET"]}}],"collection":[{"href":"https:\/\/www.transterminal.ch\/en\/wp-json\/wp\/v2\/pages"}],"about":[{"href":"https:\/\/www.transterminal.ch\/en\/wp-json\/wp\/v2\/types\/page"}],"author":[{"embeddable":true,"href":"https:\/\/www.transterminal.ch\/en\/wp-json\/wp\/v2\/users\/3"}],"replies":[{"embeddable":true,"href":"https:\/\/www.transterminal.ch\/en\/wp-json\/wp\/v2\/comments?post=9422"}],"version-history":[{"count":23,"href":"https:\/\/www.transterminal.ch\/en\/wp-json\/wp\/v2\/pages\/9422\/revisions"}],"predecessor-version":[{"id":13825,"href":"https:\/\/www.transterminal.ch\/en\/wp-json\/wp\/v2\/pages\/9422\/revisions\/13825"}],"wp:attachment":[{"href":"https:\/\/www.transterminal.ch\/en\/wp-json\/wp\/v2\/media?parent=9422"}],"curies":[{"name":"wp","href":"https:\/\/api.w.org\/{rel}","templated":true}]}}